{"id":724,"date":"2021-10-24T16:43:46","date_gmt":"2021-10-24T16:43:46","guid":{"rendered":"https:\/\/picospeci.si\/catalog\/"},"modified":"2021-10-24T16:43:46","modified_gmt":"2021-10-24T16:43:46","slug":"catalog","status":"publish","type":"page","link":"https:\/\/picospeci.si\/?page_id=724","title":{"rendered":"Catalog"},"content":{"rendered":"\t\t\t<div id=\"product_listing\" class=\"post-724 page type-page status-publish hentry al_product responsive\">\n\t\t\t\t<h2 class=\"catalog-header\">GLAVNE KATEGORIJE<\/h2><div class=\"product-subcategories responsive list \">\r\n\t\r\n\r\n<div class=\"archive-listing category-52 list top-category\">\r\n\t<a href=\"https:\/\/picospeci.si\/?al_product-cat=inox-kompleti\"><span class=\"div-link\"><\/span><\/a>\r\n\t<div class=\"classic-list-image-wrapper\"><div class=\"pseudo\"><\/div><img loading=\"lazy\" decoding=\"async\" width=\"213\" height=\"160\" src=\"https:\/\/picospeci.si\/wp-content\/uploads\/2021\/10\/KOMPLET1-213x160.jpg\" class=\"classic-list-image\" alt=\"INOX KOMPLETI ZA PEKO PICE\" srcset=\"https:\/\/picospeci.si\/wp-content\/uploads\/2021\/10\/KOMPLET1-213x160.jpg 213w, https:\/\/picospeci.si\/wp-content\/uploads\/2021\/10\/KOMPLET1-300x225.jpg 300w, https:\/\/picospeci.si\/wp-content\/uploads\/2021\/10\/KOMPLET1-768x576.jpg 768w, https:\/\/picospeci.si\/wp-content\/uploads\/2021\/10\/KOMPLET1-600x450.jpg 600w, https:\/\/picospeci.si\/wp-content\/uploads\/2021\/10\/KOMPLET1-850x638.jpg 850w, https:\/\/picospeci.si\/wp-content\/uploads\/2021\/10\/KOMPLET1.jpg 1000w\" sizes=\"auto, (max-width: 213px) 100vw, 213px\" \/><\/div>\r\n\t<div class=\"product-name\">INOX KOMPLETI ZA PEKO PICE<\/div>\r\n\t<div class=\"product-short-descr\">\r\n\t\t<p><\/p>\r\n\t<\/div>\r\n<\/div>\r\n\r\n\r\n\r\n<div class=\"archive-listing category-46 list top-category\">\r\n\t<a href=\"https:\/\/picospeci.si\/?al_product-cat=inox-loparji-za-peko\"><span class=\"div-link\"><\/span><\/a>\r\n\t<div class=\"classic-list-image-wrapper\"><div class=\"pseudo\"><\/div><img loading=\"lazy\" decoding=\"async\" width=\"213\" height=\"160\" src=\"https:\/\/picospeci.si\/wp-content\/uploads\/2021\/10\/LOPARMINI-213x160.jpg\" class=\"classic-list-image\" alt=\"INOX LOPARJI ZA PEKO PICE\" srcset=\"https:\/\/picospeci.si\/wp-content\/uploads\/2021\/10\/LOPARMINI-213x160.jpg 213w, https:\/\/picospeci.si\/wp-content\/uploads\/2021\/10\/LOPARMINI-300x225.jpg 300w, https:\/\/picospeci.si\/wp-content\/uploads\/2021\/10\/LOPARMINI-768x576.jpg 768w, https:\/\/picospeci.si\/wp-content\/uploads\/2021\/10\/LOPARMINI-600x450.jpg 600w, https:\/\/picospeci.si\/wp-content\/uploads\/2021\/10\/LOPARMINI-850x638.jpg 850w, https:\/\/picospeci.si\/wp-content\/uploads\/2021\/10\/LOPARMINI.jpg 1000w\" sizes=\"auto, (max-width: 213px) 100vw, 213px\" \/><\/div>\r\n\t<div class=\"product-name\">INOX LOPARJI ZA PEKO PICE<\/div>\r\n\t<div class=\"product-short-descr\">\r\n\t\t<p><\/p>\r\n\t<\/div>\r\n<\/div>\r\n\r\n\r\n\r\n<div class=\"archive-listing category-47 list top-category\">\r\n\t<a href=\"https:\/\/picospeci.si\/?al_product-cat=inox-lopatke-ya-pepel\"><span class=\"div-link\"><\/span><\/a>\r\n\t<div class=\"classic-list-image-wrapper\"><div class=\"pseudo\"><\/div><img loading=\"lazy\" decoding=\"async\" width=\"213\" height=\"160\" src=\"https:\/\/picospeci.si\/wp-content\/uploads\/2021\/10\/LOPATKE-213x160.jpg\" class=\"classic-list-image\" alt=\"INOX LOPATKE ZA PEPEL\" srcset=\"https:\/\/picospeci.si\/wp-content\/uploads\/2021\/10\/LOPATKE-213x160.jpg 213w, https:\/\/picospeci.si\/wp-content\/uploads\/2021\/10\/LOPATKE-300x225.jpg 300w, https:\/\/picospeci.si\/wp-content\/uploads\/2021\/10\/LOPATKE-768x576.jpg 768w, https:\/\/picospeci.si\/wp-content\/uploads\/2021\/10\/LOPATKE-600x450.jpg 600w, https:\/\/picospeci.si\/wp-content\/uploads\/2021\/10\/LOPATKE-850x638.jpg 850w, https:\/\/picospeci.si\/wp-content\/uploads\/2021\/10\/LOPATKE.jpg 1000w\" sizes=\"auto, (max-width: 213px) 100vw, 213px\" \/><\/div>\r\n\t<div class=\"product-name\">INOX LOPATKE ZA PEPEL<\/div>\r\n\t<div class=\"product-short-descr\">\r\n\t\t<p><\/p>\r\n\t<\/div>\r\n<\/div>\r\n\r\n\r\n\r\n<div class=\"archive-listing category-48 list top-category\">\r\n\t<a href=\"https:\/\/picospeci.si\/?al_product-cat=inox-strgala-za-zerjavico\"><span class=\"div-link\"><\/span><\/a>\r\n\t<div class=\"classic-list-image-wrapper\"><div class=\"pseudo\"><\/div><img loading=\"lazy\" decoding=\"async\" width=\"213\" height=\"160\" src=\"https:\/\/picospeci.si\/wp-content\/uploads\/2021\/10\/STRGALO.jpg\" class=\"classic-list-image\" alt=\"INOX STRGALA ZA \u017dERJAVICO\" srcset=\"https:\/\/picospeci.si\/wp-content\/uploads\/2021\/10\/STRGALO.jpg 1000w, https:\/\/picospeci.si\/wp-content\/uploads\/2021\/10\/STRGALO-600x450.jpg 600w, https:\/\/picospeci.si\/wp-content\/uploads\/2021\/10\/STRGALO-300x225.jpg 300w, https:\/\/picospeci.si\/wp-content\/uploads\/2021\/10\/STRGALO-768x576.jpg 768w\" sizes=\"auto, (max-width: 213px) 100vw, 213px\" \/><\/div>\r\n\t<div class=\"product-name\">INOX STRGALA ZA \u017dERJAVICO<\/div>\r\n\t<div class=\"product-short-descr\">\r\n\t\t<p><\/p>\r\n\t<\/div>\r\n<\/div>\r\n\r\n\r\n\r\n<div class=\"archive-listing category-41 list top-category\">\r\n\t<a href=\"https:\/\/picospeci.si\/?al_product-cat=metlice-za-pometanje-2\"><span class=\"div-link\"><\/span><\/a>\r\n\t<div class=\"classic-list-image-wrapper\"><div class=\"pseudo\"><\/div><img loading=\"lazy\" decoding=\"async\" width=\"213\" height=\"160\" src=\"https:\/\/picospeci.si\/wp-content\/uploads\/2021\/10\/unionmix1-213x160.jpg\" class=\"classic-list-image\" alt=\"METLICE ZA POMETANJE PE\u010cI\" srcset=\"https:\/\/picospeci.si\/wp-content\/uploads\/2021\/10\/unionmix1-213x160.jpg 213w, https:\/\/picospeci.si\/wp-content\/uploads\/2021\/10\/unionmix1-300x225.jpg 300w, https:\/\/picospeci.si\/wp-content\/uploads\/2021\/10\/unionmix1-768x576.jpg 768w, https:\/\/picospeci.si\/wp-content\/uploads\/2021\/10\/unionmix1-600x450.jpg 600w, https:\/\/picospeci.si\/wp-content\/uploads\/2021\/10\/unionmix1-850x638.jpg 850w, https:\/\/picospeci.si\/wp-content\/uploads\/2021\/10\/unionmix1.jpg 1000w\" sizes=\"auto, (max-width: 213px) 100vw, 213px\" \/><\/div>\r\n\t<div class=\"product-name\">METLICE ZA POMETANJE PE\u010cI<\/div>\r\n\t<div class=\"product-short-descr\">\r\n\t\t<p><\/p>\r\n\t<\/div>\r\n<\/div>\r\n\r\n<\/div>\r\n<div class=\"product-list responsive list \" >\r\n<div class=\"archive-listing product-1210 list publish priced\">\r\n\t<a href=\"https:\/\/picospeci.si\/?izdelek=metlica-union-mix-velika-35x4cm-2-2-2\"><span class=\"div-link\"><\/span><\/a>\r\n\t<div class=\"classic-list-image-wrapper\"><div class=\"pseudo\"><\/div><img loading=\"lazy\" decoding=\"async\" width=\"213\" height=\"160\" src=\"https:\/\/picospeci.si\/wp-content\/uploads\/2021\/11\/UNIONSTRGALO3-213x160.jpg\" class=\"classic-list-image\" alt=\"METLICA UNION MIX S STRGALOM 35x4cm art.MUS10\" srcset=\"https:\/\/picospeci.si\/wp-content\/uploads\/2021\/11\/UNIONSTRGALO3-213x160.jpg 213w, https:\/\/picospeci.si\/wp-content\/uploads\/2021\/11\/UNIONSTRGALO3-300x225.jpg 300w, https:\/\/picospeci.si\/wp-content\/uploads\/2021\/11\/UNIONSTRGALO3-768x576.jpg 768w, https:\/\/picospeci.si\/wp-content\/uploads\/2021\/11\/UNIONSTRGALO3-600x450.jpg 600w, https:\/\/picospeci.si\/wp-content\/uploads\/2021\/11\/UNIONSTRGALO3.jpg 1000w\" sizes=\"auto, (max-width: 213px) 100vw, 213px\" \/><\/div>\r\n\t<div class=\"product-name\">METLICA UNION MIX S STRGALOM 35x4cm art.MUS10<\/div>\r\n\t<div class=\"product-short-descr\"><p>\u00a0Metlica je zelo trpe\u017ena in odporna na obrabo, ohranja obliko, dodano ima strgalo.<\/p><\/div>\r\n\t\t\t<\/div>\r\n\r\n\r\n<div class=\"archive-listing product-1206 list publish priced\">\r\n\t<a href=\"https:\/\/picospeci.si\/?izdelek=inox-pravokotni-lopar-za-peko-33x43-cm-2\"><span class=\"div-link\"><\/span><\/a>\r\n\t<div class=\"classic-list-image-wrapper\"><div class=\"pseudo\"><\/div><img loading=\"lazy\" decoding=\"async\" width=\"213\" height=\"160\" src=\"https:\/\/picospeci.si\/wp-content\/uploads\/2021\/11\/loparkruh-213x160.jpg\" class=\"classic-list-image\" alt=\"INOX LOPAR ZA PEKO KRUHA MAJHEN 20X40 CM art.LPK20x40\" srcset=\"https:\/\/picospeci.si\/wp-content\/uploads\/2021\/11\/loparkruh-213x160.jpg 213w, https:\/\/picospeci.si\/wp-content\/uploads\/2021\/11\/loparkruh-300x225.jpg 300w, https:\/\/picospeci.si\/wp-content\/uploads\/2021\/11\/loparkruh-768x576.jpg 768w, https:\/\/picospeci.si\/wp-content\/uploads\/2021\/11\/loparkruh-600x450.jpg 600w, https:\/\/picospeci.si\/wp-content\/uploads\/2021\/11\/loparkruh.jpg 1000w\" sizes=\"auto, (max-width: 213px) 100vw, 213px\" \/><\/div>\r\n\t<div class=\"product-name\">INOX LOPAR ZA PEKO KRUHA MAJHEN 20X40 CM art.LPK20x40<\/div>\r\n\t<div class=\"product-short-descr\"><p>Inox\u00a0 lopar\u00a0 ZA PEKO KRUHA - \u0160TRUCE, skrbi za nalaganje\u00a0 kruha v vro\u010do kru\u0161no pe\u010d.<\/p><\/div>\r\n\t\t\t<\/div>\r\n\r\n\r\n<div class=\"archive-listing product-1203 list publish priced\">\r\n\t<a href=\"https:\/\/picospeci.si\/?izdelek=1\"><span class=\"div-link\"><\/span><\/a>\r\n\t<div class=\"classic-list-image-wrapper\"><div class=\"pseudo\"><\/div><img loading=\"lazy\" decoding=\"async\" width=\"213\" height=\"160\" src=\"https:\/\/picospeci.si\/wp-content\/uploads\/2021\/10\/METLICAPREMIUM-213x160.jpg\" class=\"classic-list-image\" alt=\"METLICA RO\u010cNA MESING PREMIUM 11x4cm art.MR1\" srcset=\"https:\/\/picospeci.si\/wp-content\/uploads\/2021\/10\/METLICAPREMIUM-213x160.jpg 213w, https:\/\/picospeci.si\/wp-content\/uploads\/2021\/10\/METLICAPREMIUM-300x225.jpg 300w, https:\/\/picospeci.si\/wp-content\/uploads\/2021\/10\/METLICAPREMIUM-768x576.jpg 768w, https:\/\/picospeci.si\/wp-content\/uploads\/2021\/10\/METLICAPREMIUM-600x450.jpg 600w, https:\/\/picospeci.si\/wp-content\/uploads\/2021\/10\/METLICAPREMIUM-850x638.jpg 850w, https:\/\/picospeci.si\/wp-content\/uploads\/2021\/10\/METLICAPREMIUM.jpg 1000w\" sizes=\"auto, (max-width: 213px) 100vw, 213px\" \/><\/div>\r\n\t<div class=\"product-name\">METLICA RO\u010cNA MESING PREMIUM 11x4cm art.MR1<\/div>\r\n\t<div class=\"product-short-descr\"><p>Trpe\u017ena in ognjeodporna metlica z mesing \u0161\u010detinami, slu\u017ei kot odli\u010dno orodje za \u010di\u0161\u010denje Va\u0161e pe\u010di.  Primerena je za manj\u0161e pe\u010di.<\/p><\/div>\r\n\t\t\t<\/div>\r\n\r\n\r\n<div class=\"archive-listing product-1202 list publish priced\">\r\n\t<a href=\"https:\/\/picospeci.si\/?izdelek=metlica-mesing-mini-11x4cm-art-mm1\"><span class=\"div-link\"><\/span><\/a>\r\n\t<div class=\"classic-list-image-wrapper\"><div class=\"pseudo\"><\/div><img loading=\"lazy\" decoding=\"async\" width=\"213\" height=\"160\" src=\"https:\/\/picospeci.si\/wp-content\/uploads\/2021\/10\/metlicamini-213x160.jpg\" class=\"classic-list-image\" alt=\"METLICA MESING MINI 11x4cm art.MM1\" srcset=\"https:\/\/picospeci.si\/wp-content\/uploads\/2021\/10\/metlicamini-213x160.jpg 213w, https:\/\/picospeci.si\/wp-content\/uploads\/2021\/10\/metlicamini-300x225.jpg 300w, https:\/\/picospeci.si\/wp-content\/uploads\/2021\/10\/metlicamini-768x576.jpg 768w, https:\/\/picospeci.si\/wp-content\/uploads\/2021\/10\/metlicamini-600x450.jpg 600w, https:\/\/picospeci.si\/wp-content\/uploads\/2021\/10\/metlicamini-850x638.jpg 850w, https:\/\/picospeci.si\/wp-content\/uploads\/2021\/10\/metlicamini.jpg 1000w\" sizes=\"auto, (max-width: 213px) 100vw, 213px\" \/><\/div>\r\n\t<div class=\"product-name\">METLICA MESING MINI 11x4cm art.MM1<\/div>\r\n\t<div class=\"product-short-descr\"><p>Trpe\u017ena in ognjeodporna metlica z mesing \u0161\u010detinami, slu\u017ei kot odli\u010dno orodje za \u010di\u0161\u010denje Va\u0161e pe\u010di.  Primerena je za manj\u0161e pe\u010di in manj zahtevne uporabnike.<\/p><\/div>\r\n\t\t\t<\/div>\r\n\r\n\r\n<div class=\"archive-listing product-1201 list publish priced\">\r\n\t<a href=\"https:\/\/picospeci.si\/?izdelek=metlica-mesing-standard-18x4cm-art-m1\"><span class=\"div-link\"><\/span><\/a>\r\n\t<div class=\"classic-list-image-wrapper\"><div class=\"pseudo\"><\/div><img loading=\"lazy\" decoding=\"async\" width=\"213\" height=\"160\" src=\"https:\/\/picospeci.si\/wp-content\/uploads\/2021\/10\/METLICA.jpg\" class=\"classic-list-image\" alt=\"METLICA MESING STANDARD 18x4cm art.M1\" srcset=\"https:\/\/picospeci.si\/wp-content\/uploads\/2021\/10\/METLICA.jpg 1000w, https:\/\/picospeci.si\/wp-content\/uploads\/2021\/10\/METLICA-600x450.jpg 600w, https:\/\/picospeci.si\/wp-content\/uploads\/2021\/10\/METLICA-300x225.jpg 300w, https:\/\/picospeci.si\/wp-content\/uploads\/2021\/10\/METLICA-768x576.jpg 768w\" sizes=\"auto, (max-width: 213px) 100vw, 213px\" \/><\/div>\r\n\t<div class=\"product-name\">METLICA MESING STANDARD 18x4cm art.M1<\/div>\r\n\t<div class=\"product-short-descr\"><p>Trpe\u017ena in ognjeodporna metlica z mesing \u0161\u010detinami, slu\u017ei kot odli\u010dno orodje za \u010di\u0161\u010denje Va\u0161e pe\u010di.<\/p><\/div>\r\n\t\t\t<\/div>\r\n\r\n\r\n<div class=\"archive-listing product-1199 list publish priced\">\r\n\t<a href=\"https:\/\/picospeci.si\/?izdelek=metlica-mesing-z-vrtljivo-glavo18x4cm-art-mv1\"><span class=\"div-link\"><\/span><\/a>\r\n\t<div class=\"classic-list-image-wrapper\"><div class=\"pseudo\"><\/div><img loading=\"lazy\" decoding=\"async\" width=\"213\" height=\"160\" src=\"https:\/\/picospeci.si\/wp-content\/uploads\/2021\/11\/vrtljiva1-213x160.jpg\" class=\"classic-list-image\" alt=\"METLICA MESING Z VRTLJIVO GLAVO18x4cm art.MV1\" srcset=\"https:\/\/picospeci.si\/wp-content\/uploads\/2021\/11\/vrtljiva1-213x160.jpg 213w, https:\/\/picospeci.si\/wp-content\/uploads\/2021\/11\/vrtljiva1-300x225.jpg 300w, https:\/\/picospeci.si\/wp-content\/uploads\/2021\/11\/vrtljiva1-768x576.jpg 768w, https:\/\/picospeci.si\/wp-content\/uploads\/2021\/11\/vrtljiva1-600x450.jpg 600w, https:\/\/picospeci.si\/wp-content\/uploads\/2021\/11\/vrtljiva1.jpg 1000w\" sizes=\"auto, (max-width: 213px) 100vw, 213px\" \/><\/div>\r\n\t<div class=\"product-name\">METLICA MESING Z VRTLJIVO GLAVO18x4cm art.MV1<\/div>\r\n\t<div class=\"product-short-descr\"><p>Metlica\u00a0 je namenjena preciznemu pometanju pe\u010di, saj ima vrtljivo glavo za 360\u00b0 in z njo dose\u017eete \u0161e tako zakotno mesto v pe\u010di.<\/p><\/div>\r\n\t\t\t<\/div>\r\n\r\n\r\n<div class=\"archive-listing product-1194 list publish priced\">\r\n\t<a href=\"https:\/\/picospeci.si\/?izdelek=metlica-mesing-mala-18x4cm-3-2-2\"><span class=\"div-link\"><\/span><\/a>\r\n\t<div class=\"classic-list-image-wrapper\"><div class=\"pseudo\"><\/div><img loading=\"lazy\" decoding=\"async\" width=\"213\" height=\"160\" src=\"https:\/\/picospeci.si\/wp-content\/uploads\/2021\/11\/mur-213x160.jpg\" class=\"classic-list-image\" alt=\"METLICA RO\u010cNA UNION ZA POMETANJE DELOVNE POVR\u0160INE 13x4cm art.MRU1\" srcset=\"https:\/\/picospeci.si\/wp-content\/uploads\/2021\/11\/mur-213x160.jpg 213w, https:\/\/picospeci.si\/wp-content\/uploads\/2021\/11\/mur-300x225.jpg 300w, https:\/\/picospeci.si\/wp-content\/uploads\/2021\/11\/mur-768x576.jpg 768w, https:\/\/picospeci.si\/wp-content\/uploads\/2021\/11\/mur-600x450.jpg 600w, https:\/\/picospeci.si\/wp-content\/uploads\/2021\/11\/mur.jpg 1000w\" sizes=\"auto, (max-width: 213px) 100vw, 213px\" \/><\/div>\r\n\t<div class=\"product-name\">METLICA RO\u010cNA UNION ZA POMETANJE DELOVNE POVR\u0160INE 13x4cm art.MRU1<\/div>\r\n\t<div class=\"product-short-descr\"><p>Metlica namenjena pometanju Va\u0161e delovne povr\u0161ine, ko zaklju\u010dite pripravo testa (pomedete moko in ostanke testa), je zelo trpe\u017ena in odporna na obrabo, ohranja obliko.<\/p><\/div>\r\n\t\t\t<\/div>\r\n\r\n\r\n<div class=\"archive-listing product-1192 list publish priced\">\r\n\t<a href=\"https:\/\/picospeci.si\/?izdelek=mala-lopatica-vecnamenska-art-lom20-2\"><span class=\"div-link\"><\/span><\/a>\r\n\t<div class=\"classic-list-image-wrapper\"><div class=\"pseudo\"><\/div><img loading=\"lazy\" decoding=\"async\" width=\"213\" height=\"160\" src=\"https:\/\/picospeci.si\/wp-content\/uploads\/2021\/11\/lopaticavelika-213x160.jpg\" class=\"classic-list-image\" alt=\"VELIKA LOPATICA VE\u010cNAMENSKA art.LOV30\" srcset=\"https:\/\/picospeci.si\/wp-content\/uploads\/2021\/11\/lopaticavelika-213x160.jpg 213w, https:\/\/picospeci.si\/wp-content\/uploads\/2021\/11\/lopaticavelika-300x225.jpg 300w, https:\/\/picospeci.si\/wp-content\/uploads\/2021\/11\/lopaticavelika-768x576.jpg 768w, https:\/\/picospeci.si\/wp-content\/uploads\/2021\/11\/lopaticavelika-600x450.jpg 600w, https:\/\/picospeci.si\/wp-content\/uploads\/2021\/11\/lopaticavelika.jpg 1000w\" sizes=\"auto, (max-width: 213px) 100vw, 213px\" \/><\/div>\r\n\t<div class=\"product-name\">VELIKA LOPATICA VE\u010cNAMENSKA art.LOV30<\/div>\r\n\t<div class=\"product-short-descr\"><p>Lopatica je namenjena delu na blizu - dvignete rob pice, da pogledate, \u010de je \u017ee pe\u010dena , lahko potisnete peka\u010d v pe\u010di 2cm bolj v levo ali obrnete \u0161truco kruha, da enakomerno porjavi in ostale tak\u0161ne stvari.<\/p><\/div>\r\n\t\t\t<\/div>\r\n\r\n\r\n<div class=\"archive-listing product-1188 list publish priced\">\r\n\t<a href=\"https:\/\/picospeci.si\/?izdelek=mala-lopatica-vecnamenska-art-lom20\"><span class=\"div-link\"><\/span><\/a>\r\n\t<div class=\"classic-list-image-wrapper\"><div class=\"pseudo\"><\/div><img loading=\"lazy\" decoding=\"async\" width=\"213\" height=\"160\" src=\"https:\/\/picospeci.si\/wp-content\/uploads\/2021\/11\/lopaticamala-213x160.jpg\" class=\"classic-list-image\" alt=\"MALA LOPATICA VE\u010cNAMENSKA art.LOM20\" srcset=\"https:\/\/picospeci.si\/wp-content\/uploads\/2021\/11\/lopaticamala-213x160.jpg 213w, https:\/\/picospeci.si\/wp-content\/uploads\/2021\/11\/lopaticamala-300x225.jpg 300w, https:\/\/picospeci.si\/wp-content\/uploads\/2021\/11\/lopaticamala-768x576.jpg 768w, https:\/\/picospeci.si\/wp-content\/uploads\/2021\/11\/lopaticamala-600x450.jpg 600w, https:\/\/picospeci.si\/wp-content\/uploads\/2021\/11\/lopaticamala.jpg 1000w\" sizes=\"auto, (max-width: 213px) 100vw, 213px\" \/><\/div>\r\n\t<div class=\"product-name\">MALA LOPATICA VE\u010cNAMENSKA art.LOM20<\/div>\r\n\t<div class=\"product-short-descr\"><p>Lopatica je namenjena delu na blizu - dvignete rob pice, da pogledate, \u010de je \u017ee pe\u010dena , lahko potisnete peka\u010d v pe\u010di 2cm bolj v levo ali obrnete \u0161truco kruha, da enakomerno porjavi in ostale tak\u0161ne stvari.<\/p><\/div>\r\n\t\t\t<\/div>\r\n\r\n\r\n<div class=\"archive-listing product-1186 list publish priced\">\r\n\t<a href=\"https:\/\/picospeci.si\/?izdelek=inox-strgalo-za-pepel-in-zerjavico-18x10-cm-5\"><span class=\"div-link\"><\/span><\/a>\r\n\t<div class=\"classic-list-image-wrapper\"><div class=\"pseudo\"><\/div><img loading=\"lazy\" decoding=\"async\" width=\"213\" height=\"160\" src=\"https:\/\/picospeci.si\/wp-content\/uploads\/2021\/11\/strgaloukrivljeno-213x160.jpg\" class=\"classic-list-image\" alt=\"INOX L KRIVO STRGALO ZA PEPEL IN \u017dERJAVICO 20&#215;10 cm art.SK1\" srcset=\"https:\/\/picospeci.si\/wp-content\/uploads\/2021\/11\/strgaloukrivljeno-213x160.jpg 213w, https:\/\/picospeci.si\/wp-content\/uploads\/2021\/11\/strgaloukrivljeno-300x225.jpg 300w, https:\/\/picospeci.si\/wp-content\/uploads\/2021\/11\/strgaloukrivljeno-768x576.jpg 768w, https:\/\/picospeci.si\/wp-content\/uploads\/2021\/11\/strgaloukrivljeno-600x450.jpg 600w, https:\/\/picospeci.si\/wp-content\/uploads\/2021\/11\/strgaloukrivljeno.jpg 1000w\" sizes=\"auto, (max-width: 213px) 100vw, 213px\" \/><\/div>\r\n\t<div class=\"product-name\">INOX L KRIVO STRGALO ZA PEPEL IN \u017dERJAVICO 20&#215;10 cm art.SK1<\/div>\r\n\t<div class=\"product-short-descr\"><p>Inox L krivo strgalo slu\u017ei kot pomo\u010d pri nalaganju pepela na lopatko in kot urejevalec ognja, oziroma za premikanje \u017eerjavice. Rahlo ukrivljeni robovi omogo\u010dajo la\u017eje \u010di\u0161\u010denje vogalov pe\u010di.<\/p><\/div>\r\n\t\t\t<\/div>\r\n\r\n\r\n<div class=\"archive-listing product-1181 list publish priced\">\r\n\t<a href=\"https:\/\/picospeci.si\/?izdelek=inox-strgalo-za-pepel-in-zerjavico-18x10-cm-4\"><span class=\"div-link\"><\/span><\/a>\r\n\t<div class=\"classic-list-image-wrapper\"><div class=\"pseudo\"><\/div><img loading=\"lazy\" decoding=\"async\" width=\"213\" height=\"160\" src=\"https:\/\/picospeci.si\/wp-content\/uploads\/2021\/11\/strgalol45-213x160.jpg\" class=\"classic-list-image\" alt=\"INOX STRGALO ZA PEPEL IN \u017dERJAVICO 20&#215;10 cm art.SE1\" srcset=\"https:\/\/picospeci.si\/wp-content\/uploads\/2021\/11\/strgalol45-213x160.jpg 213w, https:\/\/picospeci.si\/wp-content\/uploads\/2021\/11\/strgalol45-300x225.jpg 300w, https:\/\/picospeci.si\/wp-content\/uploads\/2021\/11\/strgalol45-768x576.jpg 768w, https:\/\/picospeci.si\/wp-content\/uploads\/2021\/11\/strgalol45-600x450.jpg 600w, https:\/\/picospeci.si\/wp-content\/uploads\/2021\/11\/strgalol45.jpg 1000w\" sizes=\"auto, (max-width: 213px) 100vw, 213px\" \/><\/div>\r\n\t<div class=\"product-name\">INOX STRGALO ZA PEPEL IN \u017dERJAVICO 20&#215;10 cm art.SE1<\/div>\r\n\t<div class=\"product-short-descr\"><p>Inox\u00a0 strgalo slu\u017ei kot kot urejevalec ognja, oziroma premikanja \u017eerjavice na \u017eeleno mesto v pe\u010di, da poskrbite za enakomerno razpr\u0161itev toplote in s tem omogo\u010dite optimalno peko.<\/p><\/div>\r\n\t\t\t<\/div>\r\n\r\n\r\n<div class=\"archive-listing product-1178 list publish priced\">\r\n\t<a href=\"https:\/\/picospeci.si\/?izdelek=inox-c-ukrivljeno-strgalo-za-pepel-in-zerjavico-18x10-cm-2\"><span class=\"div-link\"><\/span><\/a>\r\n\t<div class=\"classic-list-image-wrapper\"><div class=\"pseudo\"><\/div><img loading=\"lazy\" decoding=\"async\" width=\"213\" height=\"160\" src=\"https:\/\/picospeci.si\/wp-content\/uploads\/2021\/11\/strgalocploscato2-213x160.jpg\" class=\"classic-list-image\" alt=\"INOX UKRIVLJENO PLO\u0160\u010cATO STRGALO ZA UREJANJE \u017dERJAVICE 28&#215;10 cm art.SCP1\" srcset=\"https:\/\/picospeci.si\/wp-content\/uploads\/2021\/11\/strgalocploscato2-213x160.jpg 213w, https:\/\/picospeci.si\/wp-content\/uploads\/2021\/11\/strgalocploscato2-300x225.jpg 300w, https:\/\/picospeci.si\/wp-content\/uploads\/2021\/11\/strgalocploscato2-768x576.jpg 768w, https:\/\/picospeci.si\/wp-content\/uploads\/2021\/11\/strgalocploscato2-600x450.jpg 600w, https:\/\/picospeci.si\/wp-content\/uploads\/2021\/11\/strgalocploscato2.jpg 1000w\" sizes=\"auto, (max-width: 213px) 100vw, 213px\" \/><\/div>\r\n\t<div class=\"product-name\">INOX UKRIVLJENO PLO\u0160\u010cATO STRGALO ZA UREJANJE \u017dERJAVICE 28&#215;10 cm art.SCP1<\/div>\r\n\t<div class=\"product-short-descr\"><p>Strgalo zaradi svoje ukrivljene glave omogo\u010da la\u017eje \u010di\u0161\u010denje pe\u010di ali premikanja \u017eerjavice na \u017eeleno mesto v pe\u010di, da poskrbite za enakomerno razpr\u0161itev toplote in s tem omogo\u010dite optimalno peko.  &nbsp;<\/p><\/div>\r\n\t\t\t<\/div>\r\n\r\n<\/div><div id=\"product_archive_nav\" class=\"product-archive-nav grey-box ic-design\"><ul>\n<li class=\"active\" data-page=\"1\"><a href=\"https:\/\/picospeci.si\/index.php?rest_route=%2Fwp%2Fv2%2Fpages%2F724\">1<\/a><\/li> \n<li data-page=\"2\"><a href=\"https:\/\/picospeci.si\/index.php?rest_route=%2Fwp%2Fv2%2Fpages%2F724&#038;paged=2\">2<\/a><\/li> \n<li data-page=\"3\"><a href=\"https:\/\/picospeci.si\/index.php?rest_route=%2Fwp%2Fv2%2Fpages%2F724&#038;paged=3\">3<\/a><\/li> \n<li class=\"last-num\" data-page=\"4\"><a href=\"https:\/\/picospeci.si\/index.php?rest_route=%2Fwp%2Fv2%2Fpages%2F724&#038;paged=4\">4<\/a><\/li> \n<li class=\"next-page\" data-page=\"2\"><a href=\"https:\/\/picospeci.si\/index.php?rest_route=%2Fwp%2Fv2%2Fpages%2F724&#038;paged=2\" ><span>NASLEDNJA STRAN \u00bb<\/span><\/a><\/li> \n<\/ul><\/div>\n\t<span class=\"clear\"><\/span>\r\n\t\t\t\t<\/div>\n\t\t\t\n","protected":false},"excerpt":{"rendered":"","protected":false},"author":1,"featured_media":0,"parent":0,"menu_order":0,"comment_status":"closed","ping_status":"closed","template":"","meta":{"footnotes":""},"class_list":["post-724","page","type-page","status-publish","hentry"],"_links":{"self":[{"href":"https:\/\/picospeci.si\/index.php?rest_route=\/wp\/v2\/pages\/724","targetHints":{"allow":["GET"]}}],"collection":[{"href":"https:\/\/picospeci.si\/index.php?rest_route=\/wp\/v2\/pages"}],"about":[{"href":"https:\/\/picospeci.si\/index.php?rest_route=\/wp\/v2\/types\/page"}],"author":[{"embeddable":true,"href":"https:\/\/picospeci.si\/index.php?rest_route=\/wp\/v2\/users\/1"}],"replies":[{"embeddable":true,"href":"https:\/\/picospeci.si\/index.php?rest_route=%2Fwp%2Fv2%2Fcomments&post=724"}],"version-history":[{"count":0,"href":"https:\/\/picospeci.si\/index.php?rest_route=\/wp\/v2\/pages\/724\/revisions"}],"wp:attachment":[{"href":"https:\/\/picospeci.si\/index.php?rest_route=%2Fwp%2Fv2%2Fmedia&parent=724"}],"curies":[{"name":"wp","href":"https:\/\/api.w.org\/{rel}","templated":true}]}}