{"id":791,"date":"2021-10-27T22:17:13","date_gmt":"2021-10-27T22:17:13","guid":{"rendered":"https:\/\/picospeci.si\/?page_id=791"},"modified":"2021-10-27T22:17:13","modified_gmt":"2021-10-27T22:17:13","slug":"pogoji-poslovanja","status":"publish","type":"page","link":"https:\/\/picospeci.si\/?page_id=791","title":{"rendered":"POGOJI POSLOVANJA"},"content":{"rendered":"\n<p><strong>Splo\u0161ni pogoji poslovanja Spletne trgovine ROTIM<\/strong><\/p>\n\n\n\n<p>Splo\u0161ni pogoji poslovanja spletne trgovine dolo\u010dajo pogoje nakupa ter prodaje izdelkov, ki jo izvaja podjetje ROTIM, Rok Purnat s.p. (v nadaljevanju ponudnik). Splo\u0161ni pogoji poslovanja Spletne trgovineROTIM so sestavljeni v skladu z Zakonom o varstvu potro\u0161nikov (ZVPot) in mednarodnimi kodeksi za e-poslovanje. Spletna trgovina ROTIM je informacijski sistem, namenjen predstavitvi in prodaji izdelkov uporabnikom. Upravlja jo podjetje ROTIM, Rok Purnat s.p.. Uporabnik je oseba, ki uporablja na\u0161 sistem, torej kupec v spletni trgovini ROTIM.<\/p>\n\n\n\n<p>ROTIM in kupec medsebojne obveznosti pri nakupih preko www.rotim.si urejata s temi splo\u0161nimi pogoji. Vsak uporabnik storitve spletne trgovine ROTIM ima svoje uporabni\u0161ko ime in geslo, s katerima se predstavi. Geslo je tajno in znano le uporabniku ter ga dobi preko elektronske po\u0161te. Uporabnik je s tem dol\u017ean zagotoviti, da bo v njegovem imenu in z njegovim geslom nastopal samo on oziroma oseba, ki je poobla\u0161\u010dena za nastopanje v njegovem imenu.<\/p>\n\n\n\n<p><strong>Pla\u010dilne metode<\/strong><br>Pla\u010dilo po predra\u010dunu \u2013 Ko zaklju\u010dite nakup, vam v roku 24 ur po\u0161ljemo predra\u010dun za naro\u010dene artikle. \u010ce je blago na zalogi in \u010de je razvidno, da je predra\u010dun poravnan, vam naslednji delovni dan po\u0161ljemo blago oziroma ga po \u017eelji sami prevzamete.<br>Pla\u010dilo po povzetju \u2013 Pla\u010dilo po povzetju je primerno v primeru, \u010de \u017eelite da vam naro\u010deno blago dostavimo na dom ali katerikoli drug naslov v Sloveniji in se odlo\u010dite za pla\u010dilo ob prevzemu, je mo\u017eno le pla\u010dilo z gotovino. Zato morate biti, ne glede na vrednost naro\u010dila, ob prevzemu osebno prisotni. O \u010dasu dostave vas bomo obvestili po telefonu. V kolikor vam ta na\u010din ne ustreza, vas prosimo, da preberete tudi informacije o mo\u017enostih pla\u010dila s kreditno kartico, preko e-banke in drugih.<\/p>\n\n\n\n<p>Ponudnik izda ra\u010dun na trajnem mediju (papir), ki sodi ob garancijskem listu veljaven dokaz za reklamacijo oz. servisni poseg.<\/p>\n\n\n\n<p><strong>Cene v spletni trgovini<\/strong><br>Vse cene so v EUR. Cene ne zajemajo DDV, ker po 94.\u010dlenu zakona o DDV nismo dav\u010dni zavezanci . Pridr\u017eujemo si pravico do dnevnih sprememb cen, razen \u010de ni druga\u010de navedeno (primer akcij in posebnih popustov). Veljajo cene objavljene s strani ROTIM v \u010dasu, ko kupec potrdi naro\u010dilo v spletni trgovini. Nekatere slike proizvodov so simboli\u010dne.<\/p>\n\n\n\n<p><strong>Veljavnost akcijske ponudbe<\/strong><\/p>\n\n\n\n<p>Roki veljavnosti akcije so navedeni ob sami akcijski ponudbi, ki se lahko med seboj razlikujejo.<\/p>\n\n\n\n<p><strong>Pravica do odstopa od nakupa, vra\u010dilo blaga<\/strong><\/p>\n\n\n\n<p>Potro\u0161nik ima pravico, da v 15 dneh podjetju pisno sporo\u010di odstop od pogodbe, in sicer na kontakni e-naslov&nbsp;<a href=\"mailto:info@rotim.si\">info@rotim.si<\/a>.&nbsp;Potro\u0161nik mora nato blago vrniti podjetju v 30 dneh po pisnem sporo\u010dilu, s tem da sam krije neposredne stro\u0161ke vra\u010dila. Izdelki morajo biti nerabljeni in nepo\u0161kodovani. Prilo\u017eena mora biti kopija ra\u010duna. Stro\u0161ke vra\u010dila blaga krije kupec. Ponudnik vrne celotno kupnino (kupnina s stro\u0161ki dostave) takoj ko je mogo\u010de, najkasneje pa v roku 30 dni od prejetja sporo\u010dila o odstopu od pogodbe. Kupec mora blago vrniti na naslov:<br>ROTIM, Rok Purnat s.p. Na gmajni 20, 1234 Menge\u0161<\/p>\n\n\n\n<p><strong>Dobavni rok &nbsp;in stro\u0161ki po\u0161iljanja po po\u0161ti<\/strong><\/p>\n\n\n\n<p>Spletna prodajalna ROTIM \u017eeli \u010dim bolj ustre\u010di \u017eeljam vseh na\u0161ih kupcev, zato vam kupljeno blago dostavimo po dogovoru z za Vas najugodnej\u0161o ceno&nbsp;na va\u0161 naslov na obmo\u010dju republike Slovenije.Za po\u0161iljke ve\u010djih dimenzij, katere ne moremo poslati preko Hitre Po\u0161te Slovenije, pa dostavo vr\u0161imo sami. Stro\u0161ek dostave je odvisen od razdalje med kupcem in na\u0161im skladi\u0161\u010dem in je stvar dogovora.<\/p>\n\n\n\n<p><strong>Po\u0161tar pa vam nato obra\u010duna \u0161e stro\u0161ek nakaznice (=po\u0161iljanje denarja). Stro\u0161ek nakaznice je 1,5 eur za vrednosti do 27 eur, za vrednosti od 27 eur do 470 eur pa je stro\u0161ek 5,45 % vrednosti po\u0161iljke (npr, \u010de je vrednost po\u0161iljke 100 eur, vam bo ra\u010dunal 5,45 eur)<\/strong><br>V primeru, da \u017eelite imeti izdelek dostavljen na va\u0161 \u017eeleni naslov, je dobavni rok, \u010de je izdelek na zalogi, najve\u010d dva delovna dneva, v nasprotnem primeru pa ustrezno dlje.<\/p>\n\n\n\n<p><strong>Pravica do zasebnosti<\/strong><\/p>\n\n\n\n<p>Ponudnik se zavezuje k trajnemu varovanju vseh osebnih podatkov v skladu z Zakonom o varstvu osebnih podatkov (Ur. list RS \u0161t. 86\/2004) in Zakonom o zavarovalni\u0161tvu. Vsi podatki, pridobljeni preko spletne strani Spletne trgovine ROTIM, bodo uporabljeni izklju\u010dno za po\u0161iljanje informativnega gradiva, ponudb, ra\u010dunov in ostale potrebne komunikacije.<\/p>\n\n\n\n<p><strong>Komunikacija<\/strong><\/p>\n\n\n\n<p>Obvestila o mese\u010dnih akcijah in reklamna elektronska sporo\u010dila morajo biti jasno in nedvoumno ozna\u010dena kot reklamna sporo\u010dila. Po\u0161iljatelj mora biti jasno razviden. \u017deljo uporabnika, da ne prejema reklamnih sporo\u010dil ter obvestil o mese\u010dnih akcijah, bo ponudnik brezpogojno upo\u0161teval.<\/p>\n\n\n\n<p><strong>Obveza odgovornosti<\/strong><br>Ponudnik se po svojih najbolj\u0161ih mo\u010deh trudi zagotoviti skladnost in a\u017eurnost podatkov, ki so objavljeni na njegovih internetnih straneh. Kljub temu, pa se lahko karakteristike izdelkov, njihova zaloga in cena spremenijo tako hitro, da ponudnik ne uspe popraviti podatkov na spletnih straneh. V takem primeru, bo ponudnik kupca obvestil o eventualnih spremembah in mu omogo\u010dil preklic naro\u010dila ali zamenjavo naro\u010denega artikla. Vse fotografije izdelkov so simboli\u010dne in ne zagotavljajo lastnosti izdelka, sodijo zgolj kot informativni prikaz izdelka.<\/p>\n\n\n\n<p><strong>Prito\u017ebe in spori<\/strong><\/p>\n\n\n\n<p>Ponudnik spo\u0161tuje veljavno zakonodajo o varstvu potro\u0161nikov. Prito\u017ebe in reklamacije lahko uporabniki po\u0161ljejo po elektronski po\u0161ti&nbsp;<a href=\"mailto:info@rotim.si\">info@rotim.si<\/a>&nbsp;ali po klasi\u010dni po\u0161ti na naslov:<\/p>\n\n\n\n<p>ROTIM, Rok Purnat s.p.<br>Na gmajni 20<br>1234 Menge\u0161<\/p>\n\n\n\n<p>Ponudnik mora v petih delovnih dneh potrditi, da je prito\u017ebo prejel, sporo\u010diti uporabniku oz. kupcu, kako dolgo jo bo obravnaval, in ga ves \u010das obve\u0161\u010dati o poteku postopka. Ponudnik si bo prizadeval po svojih najbolj\u0161ih mo\u010deh, da se morebitni spori re\u0161ijo sporazumno.<\/p>\n","protected":false},"excerpt":{"rendered":"<p>Splo\u0161ni pogoji poslovanja Spletne trgovine ROTIM Splo\u0161ni pogoji poslovanja spletne trgovine dolo\u010dajo pogoje nakupa ter prodaje izdelkov, ki jo izvaja podjetje ROTIM, Rok Purnat s.p. (v nadaljevanju ponudnik). Splo\u0161ni pogoji poslovanja Spletne trgovineROTIM so sestavljeni v skladu z Zakonom o varstvu potro\u0161nikov (ZVPot) in mednarodnimi kodeksi za e-poslovanje. Spletna trgovina ROTIM je informacijski sistem, namenjen [&hellip;]<\/p>\n","protected":false},"author":1,"featured_media":0,"parent":0,"menu_order":0,"comment_status":"closed","ping_status":"closed","template":"","meta":{"footnotes":""},"class_list":["post-791","page","type-page","status-publish","hentry"],"_links":{"self":[{"href":"https:\/\/picospeci.si\/index.php?rest_route=\/wp\/v2\/pages\/791","targetHints":{"allow":["GET"]}}],"collection":[{"href":"https:\/\/picospeci.si\/index.php?rest_route=\/wp\/v2\/pages"}],"about":[{"href":"https:\/\/picospeci.si\/index.php?rest_route=\/wp\/v2\/types\/page"}],"author":[{"embeddable":true,"href":"https:\/\/picospeci.si\/index.php?rest_route=\/wp\/v2\/users\/1"}],"replies":[{"embeddable":true,"href":"https:\/\/picospeci.si\/index.php?rest_route=%2Fwp%2Fv2%2Fcomments&post=791"}],"version-history":[{"count":1,"href":"https:\/\/picospeci.si\/index.php?rest_route=\/wp\/v2\/pages\/791\/revisions"}],"predecessor-version":[{"id":792,"href":"https:\/\/picospeci.si\/index.php?rest_route=\/wp\/v2\/pages\/791\/revisions\/792"}],"wp:attachment":[{"href":"https:\/\/picospeci.si\/index.php?rest_route=%2Fwp%2Fv2%2Fmedia&parent=791"}],"curies":[{"name":"wp","href":"https:\/\/api.w.org\/{rel}","templated":true}]}}