{"id":814,"date":"2021-10-28T22:07:25","date_gmt":"2021-10-28T22:07:25","guid":{"rendered":"https:\/\/picospeci.si\/?page_id=814"},"modified":"2022-10-03T18:20:34","modified_gmt":"2022-10-03T17:20:34","slug":"jesenska-akcija","status":"publish","type":"page","link":"https:\/\/picospeci.si\/","title":{"rendered":"ZA NARO\u010cILO POKLI\u010cITE 041\/370-234"},"content":{"rendered":"\n<h2 class=\"has-text-align-center wp-block-heading\"><strong><em>ALI PO\u0160LJITE SPORO\u010cILO NA: info@rotim.si<\/em><\/strong><\/h2>\n\n\n<div class=\"wp-block-image\">\n<figure class=\"aligncenter size-full\"><img loading=\"lazy\" decoding=\"async\" width=\"599\" height=\"355\" src=\"https:\/\/picospeci.si\/wp-content\/uploads\/2021\/11\/123-599-x-355.jpg\" alt=\"\" class=\"wp-image-1162\" srcset=\"https:\/\/picospeci.si\/wp-content\/uploads\/2021\/11\/123-599-x-355.jpg 599w, https:\/\/picospeci.si\/wp-content\/uploads\/2021\/11\/123-599-x-355-300x178.jpg 300w, https:\/\/picospeci.si\/wp-content\/uploads\/2021\/11\/123-599-x-355-270x160.jpg 270w\" sizes=\"auto, (max-width: 599px) 100vw, 599px\" \/><\/figure>\n<\/div>\n\n\n<figure class=\"wp-block-pullquote\"><blockquote><p><strong>Za pripravo popolne pice doma je potrebno nekaj znanja in izbira pravih pripomo\u010dkov. Na\u0161i izdelki so Va\u0161 popoln partner pri peki pice v pe\u010deh na drva. Za vas izdelujemo vse, od loparjev za pico, metlic, lopatk, strgal,&#8230; lahko ste prepri\u010dani, da boste tukaj na\u0161li tisto, kar i\u0161\u010dete!<\/strong><\/p><cite><strong>Naj zadi\u0161i iz  va\u0161e kru\u0161ne pe\u010di !<\/strong><\/cite><\/blockquote><\/figure>\n\n\n\n<div class=\"wp-block-cover is-light\"><span aria-hidden=\"true\" class=\"wp-block-cover__background has-background-dim\"><\/span><img loading=\"lazy\" decoding=\"async\" width=\"403\" height=\"250\" class=\"wp-block-cover__image-background wp-image-1165\" alt=\"\" src=\"https:\/\/picospeci.si\/wp-content\/uploads\/2021\/11\/sheet.jpg\" data-object-fit=\"cover\" srcset=\"https:\/\/picospeci.si\/wp-content\/uploads\/2021\/11\/sheet.jpg 403w, https:\/\/picospeci.si\/wp-content\/uploads\/2021\/11\/sheet-300x186.jpg 300w, https:\/\/picospeci.si\/wp-content\/uploads\/2021\/11\/sheet-258x160.jpg 258w, https:\/\/picospeci.si\/wp-content\/uploads\/2021\/11\/sheet-200x125.jpg 200w\" sizes=\"auto, (max-width: 403px) 100vw, 403px\" \/><div class=\"wp-block-cover__inner-container is-layout-flow wp-block-cover-is-layout-flow\">\n<p class=\"has-text-align-center has-large-font-size\"><strong>Vsi na\u0161i izdelki so narejeni iz  nerjavnega (inox) jekla AISI 304 \/ W. Nr. 1.4301, kateri je deklariran za uporabo v prehrani! <\/strong><\/p>\n<\/div><\/div>\n\n\n\n<h1 class=\"has-text-align-center wp-block-heading\"><em>AKCIJA- Inox set za peko pice 4\/1 samo 115\u20ac!<\/em><\/h1>\n\n\n\n<div class=\"wp-block-cover is-light\"><span aria-hidden=\"true\" class=\"wp-block-cover__background has-background-dim\"><\/span><img loading=\"lazy\" decoding=\"async\" width=\"1000\" height=\"750\" class=\"wp-block-cover__image-background wp-image-824\" alt=\"\" src=\"https:\/\/picospeci.si\/wp-content\/uploads\/2021\/10\/KOMPLET1-1.jpg\" data-object-fit=\"cover\" srcset=\"https:\/\/picospeci.si\/wp-content\/uploads\/2021\/10\/KOMPLET1-1.jpg 1000w, https:\/\/picospeci.si\/wp-content\/uploads\/2021\/10\/KOMPLET1-1-300x225.jpg 300w, https:\/\/picospeci.si\/wp-content\/uploads\/2021\/10\/KOMPLET1-1-768x576.jpg 768w, https:\/\/picospeci.si\/wp-content\/uploads\/2021\/10\/KOMPLET1-1-600x450.jpg 600w, https:\/\/picospeci.si\/wp-content\/uploads\/2021\/10\/KOMPLET1-1-213x160.jpg 213w, https:\/\/picospeci.si\/wp-content\/uploads\/2021\/10\/KOMPLET1-1-850x638.jpg 850w\" sizes=\"auto, (max-width: 1000px) 100vw, 1000px\" \/><div class=\"wp-block-cover__inner-container is-layout-flow wp-block-cover-is-layout-flow\">\n<h1 class=\"has-text-align-center wp-block-heading\">                         <\/h1>\n\n\n\n<p><\/p>\n<\/div><\/div>\n\n\n\n<h1 class=\"wp-block-heading\">Set vsebuje:<\/h1>\n\n\n\n<h4 class=\"wp-block-heading\"><strong><em>Lopar za peko pic STANDARD premera 32 cm.<br>Lopatko STANDARD za pepel 20x19cm.<br>Strgalo STANDARD za \u017eerjavico 18x10cm.<br>Metlico MESING MALA 18X4 cm.<br>Dol\u017eina ro\u010dajev&nbsp; je 150cm.<\/em><\/strong><\/h4>\n\n\n\n<p><strong>Izdeleki so narejeni iz nerjavnega (inox) jekla AISI 304 \/ W.Nr. 1.4301<\/strong><\/p>\n","protected":false},"excerpt":{"rendered":"<p>ALI PO\u0160LJITE SPORO\u010cILO NA: info@rotim.si Za pripravo popolne pice doma je potrebno nekaj znanja in izbira pravih pripomo\u010dkov. Na\u0161i izdelki so Va\u0161 popoln partner pri peki pice v pe\u010deh na drva. Za vas izdelujemo vse, od loparjev za pico, metlic, lopatk, strgal,&#8230; lahko ste prepri\u010dani, da boste tukaj na\u0161li tisto, kar i\u0161\u010dete! Naj zadi\u0161i iz [&hellip;]<\/p>\n","protected":false},"author":1,"featured_media":0,"parent":0,"menu_order":0,"comment_status":"closed","ping_status":"closed","template":"","meta":{"footnotes":""},"class_list":["post-814","page","type-page","status-publish","hentry"],"_links":{"self":[{"href":"https:\/\/picospeci.si\/index.php?rest_route=\/wp\/v2\/pages\/814","targetHints":{"allow":["GET"]}}],"collection":[{"href":"https:\/\/picospeci.si\/index.php?rest_route=\/wp\/v2\/pages"}],"about":[{"href":"https:\/\/picospeci.si\/index.php?rest_route=\/wp\/v2\/types\/page"}],"author":[{"embeddable":true,"href":"https:\/\/picospeci.si\/index.php?rest_route=\/wp\/v2\/users\/1"}],"replies":[{"embeddable":true,"href":"https:\/\/picospeci.si\/index.php?rest_route=%2Fwp%2Fv2%2Fcomments&post=814"}],"version-history":[{"count":64,"href":"https:\/\/picospeci.si\/index.php?rest_route=\/wp\/v2\/pages\/814\/revisions"}],"predecessor-version":[{"id":1223,"href":"https:\/\/picospeci.si\/index.php?rest_route=\/wp\/v2\/pages\/814\/revisions\/1223"}],"wp:attachment":[{"href":"https:\/\/picospeci.si\/index.php?rest_route=%2Fwp%2Fv2%2Fmedia&parent=814"}],"curies":[{"name":"wp","href":"https:\/\/api.w.org\/{rel}","templated":true}]}}