{"id":833,"date":"2021-10-29T22:15:45","date_gmt":"2021-10-29T22:15:45","guid":{"rendered":"https:\/\/picospeci.si\/?page_id=833"},"modified":"2021-10-30T17:53:56","modified_gmt":"2021-10-30T17:53:56","slug":"nasveti-za-ciscenje-vase-krusne-peci","status":"publish","type":"page","link":"https:\/\/picospeci.si\/?page_id=833","title":{"rendered":"\u010cI\u0160\u010cENJE VA\u0160E KRU\u0160NE PE\u010cI"},"content":{"rendered":"\n<div class=\"wp-block-media-text alignwide is-stacked-on-mobile is-vertically-aligned-center is-image-fill\" style=\"grid-template-columns:56% auto\"><figure class=\"wp-block-media-text__media\" style=\"background-image:url(https:\/\/picospeci.si\/wp-content\/uploads\/2021\/10\/CISCENJE-1024x683.jpg);background-position:50% 50%\"><img loading=\"lazy\" decoding=\"async\" width=\"1024\" height=\"683\" src=\"https:\/\/picospeci.si\/wp-content\/uploads\/2021\/10\/CISCENJE-1024x683.jpg\" alt=\"\" class=\"wp-image-834 size-full\" srcset=\"https:\/\/picospeci.si\/wp-content\/uploads\/2021\/10\/CISCENJE-1024x683.jpg 1024w, https:\/\/picospeci.si\/wp-content\/uploads\/2021\/10\/CISCENJE-300x200.jpg 300w, https:\/\/picospeci.si\/wp-content\/uploads\/2021\/10\/CISCENJE-768x512.jpg 768w, https:\/\/picospeci.si\/wp-content\/uploads\/2021\/10\/CISCENJE-600x400.jpg 600w, https:\/\/picospeci.si\/wp-content\/uploads\/2021\/10\/CISCENJE-240x160.jpg 240w, https:\/\/picospeci.si\/wp-content\/uploads\/2021\/10\/CISCENJE-850x567.jpg 850w, https:\/\/picospeci.si\/wp-content\/uploads\/2021\/10\/CISCENJE.jpg 1152w\" sizes=\"auto, (max-width: 1024px) 100vw, 1024px\" \/><\/figure><div class=\"wp-block-media-text__content\">\n<h2 class=\"has-text-color wp-block-heading\" style=\"color:#000000;font-size:32px\">Nasveti za \u010di\u0161\u010denje kru\u0161ne pe\u010di.<\/h2>\n\n\n\n<p class=\"has-text-color\" style=\"color:#000000;font-size:17px\">\u010ci\u0161\u010denje kru\u0161ne pe\u010di za peko pic ni tako enostavno, kot se zdi. Slediti je treba pravim korakom, sicer lahko po\u0161kodujete pe\u010d. \u010ce ste za\u010detnik v doma\u010di peki pic, potem pozorno preberite na\u0161e nasvete za \u010di\u0161\u010denje kru\u0161ne pe\u010di.<\/p>\n\n\n\n<p><\/p>\n<\/div><\/div>\n\n\n\n<div class=\"wp-block-columns alignfull has-text-color has-background is-layout-flex wp-container-core-columns-is-layout-9d6595d7 wp-block-columns-is-layout-flex\" style=\"background-color:#ffffff;color:#000000\">\n<div class=\"wp-block-column is-layout-flow wp-block-column-is-layout-flow\">\n<h3 class=\"wp-block-heading\" style=\"font-size:24px;line-height:1.3\"><strong><a href=\"http:\/\/wordpress.org\">Redno \u010di\u0161\u010denje<\/a><\/strong><\/h3>\n\n\n\n<p>Ohranjanje \u010diste pe\u010di na drva je <strong>klju\u010dnega pomena<\/strong> za njeno splo\u0161no u\u010dinkovitost; tako lahko prepre\u010dite, da bi hrana absorbirala slabe <strong>vonjave.<\/strong><\/p>\n<\/div>\n\n\n\n<div class=\"wp-block-column is-layout-flow wp-block-column-is-layout-flow\">\n<h3 class=\"wp-block-heading\" style=\"font-size:24px;line-height:1.3\"><strong><a href=\"https:\/\/wordpress.org\">Pomembna pravila<\/a><\/strong> <strong><a href=\"https:\/\/wordpress.org\">\u010di\u0161\u010denja <\/a><\/strong><\/h3>\n\n\n\n<p><strong>Detergenti so PREPOVEDANI, <\/strong>prav tako ni priporo\u010dljivo uporabljati <strong>preve\u010d vode.<\/strong> Upo\u0161tevati je treba varnostne ukrepe, da se prepre\u010di <strong>po\u0161kodbe.<\/strong><\/p>\n<\/div>\n\n\n\n<div class=\"wp-block-column is-layout-flow wp-block-column-is-layout-flow\">\n<h3 class=\"wp-block-heading\" style=\"font-size:24px;line-height:1.3\"><strong><a href=\"https:\/\/wordpress.org\">Izbira pravih pripomo\u010dkov<\/a><\/strong><\/h3>\n\n\n\n<p>Pripomo\u010dki, katere morate imeti za \u010di\u0161\u010denje so: <strong>strgalo, lopatica, \u017ei\u010dnata krta\u010da, kis in kos tkanine- cunja.<\/strong><\/p>\n<\/div>\n<\/div>\n\n\n\n<div class=\"wp-block-columns alignfull has-text-color has-background is-layout-flex wp-container-core-columns-is-layout-9d6595d7 wp-block-columns-is-layout-flex\" style=\"background-color:#ffffff;color:#000000\">\n<div class=\"wp-block-column is-layout-flow wp-block-column-is-layout-flow\">\n<h3 class=\"wp-block-heading\" style=\"font-size:24px;line-height:1.3\"><strong><a href=\"http:\/\/wordpress.org\">Kru\u0161na pe\u010d se \u010disti, ko je hladna<\/a><\/strong><\/h3>\n\n\n\n<p><strong>Pe\u010di nikoli ne \u010distite, ko je vro\u010da.<\/strong> Lahko se ope\u010dete ali po\u0161kodujete \u010distilne pripomo\u010dke.  \u010ci\u0161\u010denje vro\u010de pe\u010di lahko povzro\u010di tudi <strong>razpoke v \u0161amotu.<\/strong>  <\/p>\n<\/div>\n\n\n\n<div class=\"wp-block-column is-layout-flow wp-block-column-is-layout-flow\">\n<h3 class=\"wp-block-heading\" style=\"font-size:24px;line-height:1.3\"><strong><a href=\"https:\/\/wordpress.org\">Odstranjevanje pepela<\/a><\/strong><\/h3>\n\n\n\n<p>Priporo\u010dljivo je, da pepel odstranite <strong>pred vsako uporabo<\/strong> pe\u010di, saj \u010de ga pustite ote\u017euje pe\u010denje. Pepel odstranite z <strong>lopato in metlico. <\/strong>Zasu\u0161ene ostanke hrane <strong>postrgate<\/strong> s strgalom.<\/p>\n<\/div>\n\n\n\n<div class=\"wp-block-column is-layout-flow wp-block-column-is-layout-flow\">\n<h3 class=\"wp-block-heading\" style=\"font-size:24px;line-height:1.3\"><strong><a href=\"https:\/\/wordpress.org\">\u010ci\u0161\u010denje ma\u0161\u010dobnih made\u017eev<\/a><\/strong><\/h3>\n\n\n\n<p>Ma\u0161\u010dobne made\u017ee <strong>izjemoma <\/strong>\u010distimo pri <strong>vro\u010di pe\u010di,<\/strong> saj jih visoka temperatura raztopi, tako, da jih lahko zdrgnemo z gobico, namo\u010deno v me\u0161anico<strong> kisa in vode.<\/strong><\/p>\n<\/div>\n<\/div>\n\n\n\n<div class=\"wp-block-columns alignfull has-text-color has-background is-layout-flex wp-container-core-columns-is-layout-9d6595d7 wp-block-columns-is-layout-flex\" style=\"background-color:#ffffff;color:#000000\">\n<div class=\"wp-block-column is-layout-flow wp-block-column-is-layout-flow\">\n<h3 class=\"wp-block-heading\" style=\"font-size:24px;line-height:1.3\"><strong><a href=\"http:\/\/wordpress.org\">Zmernost pri uporabi vode<\/a><\/strong><\/h3>\n\n\n\n<p>Preve\u010d vode pri samem \u010di\u0161\u010denju se lahko <strong>vpije v \u0161amot,<\/strong> kateri je porozen in le ta lahko, ob naslednji uporabi pe\u010di <strong>po\u010di.<\/strong> Pomembno je, da se pe\u010d do naslednjega kurjenja dobro <strong>presu\u0161i,<\/strong> kar lahko traja ve\u010d dni, odvisno od tega koliko ste ga zmo\u010dili.<\/p>\n\n\n\n<p><\/p>\n<\/div>\n\n\n\n<div class=\"wp-block-column is-layout-flow wp-block-column-is-layout-flow\">\n<h3 class=\"wp-block-heading\" style=\"font-size:24px;line-height:1.3\"><strong><a href=\"https:\/\/wordpress.org\">Redno odstranjevanje kreozota<\/a><\/strong><\/h3>\n\n\n\n<p>V pe\u010deh na drva nastajajo organski hlapi, kot je katran. Ti hlapi se me\u0161ajo z vlago in ustvarjajo <strong>kreozot<\/strong>, ta je, \u010de se ga nabere v velikih koli\u010dinah zelo lahko<strong> vnetljiv<\/strong>. Za \u010di\u0161\u010denje se uporablja metlica in krpa namo\u010dena v me\u0161anico vode in <strong>sode bikarbone<\/strong>.<\/p>\n<\/div>\n\n\n\n<div class=\"wp-block-column is-layout-flow wp-block-column-is-layout-flow\">\n<h3 class=\"wp-block-heading\" style=\"font-size:24px;line-height:1.3\"><strong><a href=\"https:\/\/wordpress.org\">\u010ci\u0161\u010denje dimnika<\/a><\/strong><\/h3>\n\n\n\n<p>\u0160\u010dasoma se dimnik pe\u010di uma\u017ee s <strong>sajami,<\/strong> to je normalno, saj so saje stranski produkt izgorevanja lesa. \u010ceprav se ve\u010dina teh saj lahko <strong>samoo\u010disti,<\/strong> si morate vseeno vzeti nekaj \u010dasa in jih o\u010distiti sami, da se izognete morebitnemu dimni\u0161kemu po\u017earu. (velja za pe\u010di, katere ob letnem pregledu ne pregleda <strong>dimnikar<\/strong>).<\/p>\n<\/div>\n<\/div>\n\n\n\n<p><\/p>\n","protected":false},"excerpt":{"rendered":"<p>Nasveti za \u010di\u0161\u010denje kru\u0161ne pe\u010di. \u010ci\u0161\u010denje kru\u0161ne pe\u010di za peko pic ni tako enostavno, kot se zdi. Slediti je treba pravim korakom, sicer lahko po\u0161kodujete pe\u010d. \u010ce ste za\u010detnik v doma\u010di peki pic, potem pozorno preberite na\u0161e nasvete za \u010di\u0161\u010denje kru\u0161ne pe\u010di. Redno \u010di\u0161\u010denje Ohranjanje \u010diste pe\u010di na drva je klju\u010dnega pomena za njeno splo\u0161no [&hellip;]<\/p>\n","protected":false},"author":1,"featured_media":0,"parent":0,"menu_order":0,"comment_status":"closed","ping_status":"closed","template":"","meta":{"footnotes":""},"class_list":["post-833","page","type-page","status-publish","hentry"],"_links":{"self":[{"href":"https:\/\/picospeci.si\/index.php?rest_route=\/wp\/v2\/pages\/833","targetHints":{"allow":["GET"]}}],"collection":[{"href":"https:\/\/picospeci.si\/index.php?rest_route=\/wp\/v2\/pages"}],"about":[{"href":"https:\/\/picospeci.si\/index.php?rest_route=\/wp\/v2\/types\/page"}],"author":[{"embeddable":true,"href":"https:\/\/picospeci.si\/index.php?rest_route=\/wp\/v2\/users\/1"}],"replies":[{"embeddable":true,"href":"https:\/\/picospeci.si\/index.php?rest_route=%2Fwp%2Fv2%2Fcomments&post=833"}],"version-history":[{"count":12,"href":"https:\/\/picospeci.si\/index.php?rest_route=\/wp\/v2\/pages\/833\/revisions"}],"predecessor-version":[{"id":865,"href":"https:\/\/picospeci.si\/index.php?rest_route=\/wp\/v2\/pages\/833\/revisions\/865"}],"wp:attachment":[{"href":"https:\/\/picospeci.si\/index.php?rest_route=%2Fwp%2Fv2%2Fmedia&parent=833"}],"curies":[{"name":"wp","href":"https:\/\/api.w.org\/{rel}","templated":true}]}}